{"id":4187,"date":"2025-04-06T08:03:58","date_gmt":"2025-04-06T08:03:58","guid":{"rendered":"https:\/\/ibin.si\/?page_id=4187"},"modified":"2025-04-06T11:37:20","modified_gmt":"2025-04-06T11:37:20","slug":"piskotki","status":"publish","type":"page","link":"https:\/\/ibin.si\/?page_id=4187&lang=sl","title":{"rendered":"Pi\u0161kotki"},"content":{"rendered":"\t\t<div data-elementor-type=\"wp-page\" data-elementor-id=\"4187\" class=\"elementor elementor-4187\">\n\t\t\t\t\t\t<section class=\"elementor-section elementor-top-section elementor-element elementor-element-ff5b165 elementor-section-boxed elementor-section-height-default elementor-section-height-default\" data-id=\"ff5b165\" data-element_type=\"section\" data-e-type=\"section\">\n\t\t\t\t\t\t<div class=\"elementor-container elementor-column-gap-default\">\n\t\t\t\t\t<div class=\"elementor-column elementor-col-100 elementor-top-column elementor-element elementor-element-6cb900b\" data-id=\"6cb900b\" data-element_type=\"column\" data-e-type=\"column\">\n\t\t\t<div class=\"elementor-widget-wrap elementor-element-populated\">\n\t\t\t\t\t\t<div class=\"elementor-element elementor-element-72fdea5 elementor-widget elementor-widget-text-editor\" data-id=\"72fdea5\" data-element_type=\"widget\" data-e-type=\"widget\" data-widget_type=\"text-editor.default\">\n\t\t\t\t<div class=\"elementor-widget-container\">\n\t\t\t\t\t\t\t\t\t<ol>\n<li>Uvod<\/li>\n<\/ol>\n<p>Na\u0161e spletno mesto <a href=\"https:\/\/ibin.si\">https:\/\/ibin.si<\/a> in <a href=\"https:\/\/i-bin.eu\">https:\/\/i-bin.eu<\/a> (v nadaljevanju: \u00bbspletno mesto\u00ab) uporablja pi\u0161kotke in druge povezane tehnologije (v nadaljevanju se vse tehnologije imenujejo \u00bbpi\u0161kotki\u00ab). Pi\u0161kotke na na\u0161em spletnem mestu uporabljajo tudi tretje osebe, ki smo jih anga\u017eirali. V spodnjem dokumentu vas obve\u0161\u010damo o uporabi pi\u0161kotkov na na\u0161i spletni strani.<\/p>\n<ol start=\"2\">\n<li><strong>KAJ SO PI\u0160KOTKI?<\/strong><\/li>\n<\/ol>\n<p>Pi\u0161kotki so majhne tekstovne datoteke, ki se nalo\u017eijo na va\u0161 ra\u010dunalnik ob va\u0161em obisku spletne strani. Spletni strani so pi\u0161kotki v pomo\u010d, da vas prepozna ob ponovnem obisku in nam posreduje informacije o va\u0161ih aktivnostih na na\u0161i spletni strani. Pi\u0161kotki torej zbirajo informacije glede va\u0161e uporabe spletne strani ter podatke glede va\u0161e naprave, s katero dostopate do spletne strani. V tem primeru gre za va\u0161 IP naslov, tip brskalnika in demografske podatke, v primeru da ste na na\u0161o spletno stran pri\u0161li preko druge povezave pa tudi URL naslov druge spletne strani.<\/p>\n<p>Obstajajo razli\u010dne vrste pi\u0161kotkov. Z vidika njihove \u017eivljenjske dobe (kako dolgo so shranjeni na va\u0161em ra\u010dunalniku) lo\u010dimo \u00bbza\u010dasne oz. sejne\u00ab in \u00bbtrajne oz. shranjene\u00ab pi\u0161kotke. Za\u010dasni pi\u0161kotki se shranijo le za \u010das va\u0161ega obiska na spletni strani in se samodejno zbri\u0161ejo v trenutku ko zaprete va\u0161 spletni brskalnik. Na nasprotni strani, pa trajni pi\u0161kotki ostanejo shranjeni na va\u0161i napravi tudi potem, ko niste ve\u010d na spletu. Na va\u0161i napravi (ra\u010dunalniku, mobilnem telefonu) so shranjeni dolo\u010den \u010das in se ponovno aktivirajo vsaki\u010d ko obi\u0161\u010dete spletno stran, kjer so pi\u0161kotki nastali.<\/p>\n<ol start=\"3\">\n<li>PI\u0160KOTKI<\/li>\n<\/ol>\n<p>3.1 Tehni\u010dni ali funkcionalni pi\u0161kotki<\/p>\n<p>Nekateri pi\u0161kotki zagotavljajo, da dolo\u010deni deli spletne strani delujejo pravilno in da va\u0161e uporabni\u0161ke nastavitve ostanejo znane. Z namestitvijo funkcionalnih pi\u0161kotkov vam olaj\u0161amo obisk na\u0161e spletne strani. Na ta na\u010din vam ob obisku na\u0161e spletne strani ni treba ve\u010dkrat vna\u0161ati istih podatkov. Te pi\u0161kotke lahko namestimo brez va\u0161ega soglasja.<\/p>\n<ol start=\"4\"><li>Pi\u0161kotki na spletnem mestu<\/li>\n<\/ol>\n<table width=\"633\">\n<tbody>\n<tr>\n<td width=\"166\">\n<p>Cookie<\/p>\n<\/td>\n<td width=\"60\">\n<p>Domain<\/p>\n<\/td>\n<td width=\"264\">\n<p>Description<\/p>\n<\/td>\n<td width=\"66\">\n<p>Duration<\/p>\n<\/td>\n<td width=\"76\">\n<p>Type<\/p>\n<\/td>\n<\/tr>\n<tr>\n<td width=\"166\">\n<p>pll_language<\/p>\n<\/td>\n<td width=\"60\">\n<p>ibin.si<\/p>\n<p>i-bin.eu<\/p>\n<\/td>\n<td width=\"264\">\n<p>The pll _language cookie is used by Polylang to remember the language selected by the user when returning to the website, and also to get the language information when not available in another way.<\/p>\n<\/td>\n<td width=\"66\">\n<p>1 year<\/p>\n<\/td>\n<td width=\"76\">\n<p>Necessary<\/p>\n<\/td>\n<\/tr>\n<tr>\n<td width=\"166\">\n<p>PH_HPXY_CHECK<\/p>\n<\/td>\n<td width=\"60\">\n<p>ibin.si<\/p>\n<p>i-bin.eu<\/p>\n<\/td>\n<td width=\"264\">\n<p>This cookie is used to save the information about the current session.<\/p>\n<\/td>\n<td width=\"66\">\n<p>session<\/p>\n<\/td>\n<td width=\"76\">\n<p>Necessary<\/p>\n<\/td>\n<\/tr>\n<tr>\n<td width=\"166\">\n<p>wpEmojiSettingsSupports<\/p>\n<\/td>\n<td width=\"60\">\n<p>ibin.si<\/p>\n<p>i-bin.eu<\/p>\n<\/td>\n<td width=\"264\">\n<p>WordPress sets this cookie when a user interacts with emojis on a WordPress site. It helps determine if the user&#8217;s browser can display emojis properly.<\/p>\n<\/td>\n<td width=\"66\">\n<p>session<\/p>\n<\/td>\n<td width=\"76\">\n<p>Necessary<\/p>\n<\/td>\n<\/tr>\n<\/tbody>\n<\/table>\n<ol start=\"5\">\n<li>Soglasje<\/li>\n<\/ol>\n<p>Ko prvi\u010d obi\u0161\u010dete na\u0161o spletno stran, vam bomo prikazali pojavno okno z razlago o pi\u0161kotkih. Takoj, ko kliknete \u00bbOK\u00ab, sogla\u0161ate z uporabo kategorij pi\u0161kotkov in vti\u010dnikov, kot je opisano v tem pravilniku o pi\u0161kotkih. Uporabo pi\u0161kotkov lahko onemogo\u010dite v svojem brskalniku, vendar upo\u0161tevajte, da na\u0161a spletna stran morda ne bo ve\u010d pravilno delovala.<\/p>\n<ol start=\"6\">\n<li>Omogo\u010danje\/onemogo\u010danje in brisanje pi\u0161kotkov<\/li>\n<\/ol>\n<p>Za samodejno ali ro\u010dno brisanje pi\u0161kotkov lahko uporabite svoj internetni brskalnik. Dolo\u010dite lahko tudi, da se dolo\u010deni pi\u0161kotki ne smejo namestiti. Druga mo\u017enost je, da spremenite nastavitve svojega internetnega brskalnika, tako da prejmete sporo\u010dilo vsaki\u010d, ko je name\u0161\u010den pi\u0161kotek. Za ve\u010d informacij o teh mo\u017enostih si oglejte navodila v razdelku Pomo\u010d va\u0161ega brskalnika.<\/p>\n<p>Upo\u0161tevajte, da na\u0161e spletno mesto morda ne bo delovalo pravilno, \u010de so vsi pi\u0161kotki onemogo\u010deni. \u010ce izbri\u0161ete pi\u0161kotke v va\u0161em brskalniku, se bodo znova namestili po va\u0161i privolitvi, ko ponovno obi\u0161\u010dete na\u0161e spletne strani.<\/p>\n<ol start=\"7\">\n<li>Kontaktni podatki<\/li>\n<\/ol>\n<p>Za vpra\u0161anja in\/ali komentarje smo vam na voljo.<\/p>\n<p>I-BIN d.o.o.<\/p>\n<p>Vrtojba, Mednarodni prehod 2B, 5290 \u0160empeter pri Gorici<\/p>\n<p>Spletna stran:&nbsp;<a href=\"https:\/\/ibin.si\" target=\"_blank\" rel=\"noopener\">https:\/\/ibin.si<\/a>&nbsp;, <a href=\"https:\/\/i-bin.eu\">https:\/\/i-bin.eu<\/a>,&nbsp;Elektronski naslov: <a href=\"mailto:info@i-bin.si\">info@i-bin.si<\/a><\/p>\t\t\t\t\t\t\t\t<\/div>\n\t\t\t\t<\/div>\n\t\t\t\t\t<\/div>\n\t\t<\/div>\n\t\t\t\t\t<\/div>\n\t\t<\/section>\n\t\t\t\t<\/div>\n\t\t","protected":false},"excerpt":{"rendered":"<p>Uvod Na\u0161e spletno mesto https:\/\/ibin.si in https:\/\/i-bin.eu (v nadaljevanju: \u00bbspletno mesto\u00ab) uporablja pi\u0161kotke in druge povezane tehnologije (v nadaljevanju se [&hellip;]<\/p>\n","protected":false},"author":3,"featured_media":0,"parent":0,"menu_order":0,"comment_status":"closed","ping_status":"closed","template":"","meta":{"footnotes":""},"class_list":["post-4187","page","type-page","status-publish","hentry"],"_links":{"self":[{"href":"https:\/\/ibin.si\/index.php?rest_route=\/wp\/v2\/pages\/4187","targetHints":{"allow":["GET"]}}],"collection":[{"href":"https:\/\/ibin.si\/index.php?rest_route=\/wp\/v2\/pages"}],"about":[{"href":"https:\/\/ibin.si\/index.php?rest_route=\/wp\/v2\/types\/page"}],"author":[{"embeddable":true,"href":"https:\/\/ibin.si\/index.php?rest_route=\/wp\/v2\/users\/3"}],"replies":[{"embeddable":true,"href":"https:\/\/ibin.si\/index.php?rest_route=%2Fwp%2Fv2%2Fcomments&post=4187"}],"version-history":[{"count":7,"href":"https:\/\/ibin.si\/index.php?rest_route=\/wp\/v2\/pages\/4187\/revisions"}],"predecessor-version":[{"id":4229,"href":"https:\/\/ibin.si\/index.php?rest_route=\/wp\/v2\/pages\/4187\/revisions\/4229"}],"wp:attachment":[{"href":"https:\/\/ibin.si\/index.php?rest_route=%2Fwp%2Fv2%2Fmedia&parent=4187"}],"curies":[{"name":"wp","href":"https:\/\/api.w.org\/{rel}","templated":true}]}}